{"id":175,"date":"2024-12-16T10:09:56","date_gmt":"2024-12-16T10:09:56","guid":{"rendered":"https:\/\/saunapara.pl\/?page_id=175"},"modified":"2025-10-03T10:31:06","modified_gmt":"2025-10-03T10:31:06","slug":"czlonkowstwo","status":"publish","type":"page","link":"https:\/\/saunapara.pl\/en\/czlonkowstwo\/","title":{"rendered":"Razem tworzymy Towarzystwo Saunowe"},"content":{"rendered":"<div class=\"wp-block-group alignfull is-layout-flow wp-block-group-is-layout-flow\">\n<div class=\"wp-block-group alignfull has-global-padding is-layout-constrained wp-container-core-group-is-layout-d89aad35 wp-block-group-is-layout-constrained\" style=\"margin-top:0;margin-bottom:0;padding-top:var(--wp--preset--spacing--50);padding-right:var(--wp--preset--spacing--50);padding-bottom:var(--wp--preset--spacing--50);padding-left:var(--wp--preset--spacing--50)\">\n<div class=\"wp-block-group alignwide has-global-padding is-layout-constrained wp-container-core-group-is-layout-19e250f3 wp-block-group-is-layout-constrained\">\n<div class=\"wp-block-columns alignfull is-layout-flex wp-container-core-columns-is-layout-9b24e0e0 wp-block-columns-is-layout-flex\">\n<div class=\"wp-block-column is-layout-flow wp-block-column-is-layout-flow\" style=\"flex-basis:100%\">\n<div class=\"wp-block-group is-vertical is-content-justification-center is-layout-flex wp-container-core-group-is-layout-a5592bb8 wp-block-group-is-layout-flex\">\n<div class=\"wp-block-group has-global-padding is-layout-constrained wp-container-core-group-is-layout-c7466b4a wp-block-group-is-layout-constrained\">\n<h1 class=\"wp-block-heading has-text-align-center is-style-default\">Oferta specjalna <br>dla sta\u0142ych bywalc\u00f3w<\/h1>\n<\/div>\n<\/div>\n\n\n\n<div id=\"bookero\"><\/div>\n\n\n<script>var bookero_config = {\r\nid: 'bup8LbkwuG4H',\r\ncontainer: 'bookero',\r\ntype: 'products',\r\nposition: '',\r\nplugin_css: true,\r\nlang: 'pl'\r\n};\r\n(function() {\r\nvar d = document, s = d.createElement('script');\r\ns.src = 'https:\/\/cdn.bookero.pl\/plugin\/v2\/js\/bookero-compiled.js';\r\nd.body.appendChild(s);\r\n})();\r\n<\/script>\n<\/div>\n<\/div>\n<\/div>\n<\/div>\n\n\n\n<div class=\"wp-block-group alignfull has-global-padding is-layout-constrained wp-container-core-group-is-layout-d89aad35 wp-block-group-is-layout-constrained\" style=\"margin-top:0;margin-bottom:0;padding-top:var(--wp--preset--spacing--50);padding-right:var(--wp--preset--spacing--50);padding-bottom:var(--wp--preset--spacing--50);padding-left:var(--wp--preset--spacing--50)\">\n<div class=\"wp-block-group alignwide has-global-padding is-layout-constrained wp-container-core-group-is-layout-19e250f3 wp-block-group-is-layout-constrained\">\n<div class=\"wp-block-columns alignwide are-vertically-aligned-center is-layout-flex wp-container-core-columns-is-layout-d1c656ed wp-block-columns-is-layout-flex\">\n<div class=\"wp-block-column is-vertically-aligned-center is-layout-flow wp-block-column-is-layout-flow\" style=\"flex-basis:50%\">\n<figure class=\"wp-block-image size-large is-style-rounded is-style-rounded--1\"><img fetchpriority=\"high\" decoding=\"async\" width=\"1024\" height=\"683\" src=\"https:\/\/saunapara.pl\/wp-content\/uploads\/2024\/12\/al-butler-9dU6xIfYDJU-unsplash-1024x683.jpg\" alt=\"\" class=\"wp-image-333\" srcset=\"https:\/\/saunapara.pl\/wp-content\/uploads\/2024\/12\/al-butler-9dU6xIfYDJU-unsplash-1024x683.jpg 1024w, https:\/\/saunapara.pl\/wp-content\/uploads\/2024\/12\/al-butler-9dU6xIfYDJU-unsplash-300x200.jpg 300w, https:\/\/saunapara.pl\/wp-content\/uploads\/2024\/12\/al-butler-9dU6xIfYDJU-unsplash-768x512.jpg 768w\" sizes=\"(max-width: 1024px) 100vw, 1024px\" \/><\/figure>\n<\/div>\n\n\n\n<div class=\"wp-block-column is-vertically-aligned-center is-layout-flow wp-block-column-is-layout-flow\" style=\"flex-basis:50%\">\n<h6 class=\"wp-block-heading is-style-default has-apercu-mono-pro-font-family\" style=\"margin-top:var(--wp--preset--spacing--20);margin-bottom:var(--wp--preset--spacing--20);font-size:clamp(14px, 0.875rem + ((1vw - 3.2px) * 0.208), 16px);font-style:normal;font-weight:500;letter-spacing:1px\">CO ZYSKUJ\u0104 KARNETOWICZE?<\/h6>\n\n\n\n<div class=\"wp-block-group is-content-justification-left is-nowrap is-layout-flex wp-container-core-group-is-layout-ed87f293 wp-block-group-is-layout-flex\"><div style=\"--ub-icon-rotation:rotate(0deg);--ub-icon-size:20px;--ub-icon-justification:center;--ub-icon-border-top:  undefined;--ub-icon-border-right:  undefined;--ub-icon-border-bottom:  undefined;--ub-icon-border-left:  undefined\" class=\"wp-block-ub-icon\" id=\"ub-icon-\"><div class=\"ub_icon\"><div class=\"ub_icon_wrapper\"><svg width=\"16\" height=\"19\" viewbox=\"0 0 16 19\" fill=\"none\" xmlns=\"http:\/\/www.w3.org\/2000\/svg\">\n<path d=\"M10.6664 12.6368C12.3851 12.2684 13.7749 10.7289 14.0292 9.15102C14.2063 8.0552 14.3886 8.41078 14.6377 8.86809C15.6395 10.7016 16.4632 12.9813 15.6994 15.0362C14.7263 17.6561 11.4589 19.1682 8.74189 18.9844C4.59779 18.704 5.56828 13.3659 6.51185 10.7469C4.94241 11.1444 3.12991 12.2829 2.44154 13.7489C2.20543 14.2523 1.89553 15.496 1.97713 17.0569C2.01272 17.7347 0.973659 16.7201 0.74102 16.3235C-0.360542 14.4464 -0.134848 11.8376 0.754909 9.92032C2.2089 6.78927 7.14033 4.43179 6.31741 0.685303C6.11515 -0.236147 6.38078 -0.0241623 6.62036 0.163889C10.136 2.92653 11.0622 4.60788 11.6073 6.86706C12.0822 8.83475 11.4389 10.8324 10.6672 12.6368H10.6664Z\" fill=\"#73B1E0\"><\/path>\n<\/svg>\n<\/div><\/div><\/div>\n\n\n\n<p class=\"has-contrast-1-color has-text-color has-link-color wp-elements-04321194b46c857deff7cb434bc0c70c\">Wi\u0119cej sauny w ni\u017cszej cenie.<\/p>\n<\/div>\n\n\n\n<div class=\"wp-block-group is-nowrap is-layout-flex wp-container-core-group-is-layout-f66f9956 wp-block-group-is-layout-flex\"><div style=\"--ub-icon-rotation:rotate(0deg);--ub-icon-size:20px;--ub-icon-justification:center;--ub-icon-border-top:  undefined;--ub-icon-border-right:  undefined;--ub-icon-border-bottom:  undefined;--ub-icon-border-left:  undefined\" class=\"wp-block-ub-icon\" id=\"ub-icon-\"><div class=\"ub_icon\"><div class=\"ub_icon_wrapper\"><svg width=\"16\" height=\"19\" viewbox=\"0 0 16 19\" fill=\"none\" xmlns=\"http:\/\/www.w3.org\/2000\/svg\">\n<path d=\"M10.6664 12.6368C12.3851 12.2684 13.7749 10.7289 14.0292 9.15102C14.2063 8.0552 14.3886 8.41078 14.6377 8.86809C15.6395 10.7016 16.4632 12.9813 15.6994 15.0362C14.7263 17.6561 11.4589 19.1682 8.74189 18.9844C4.59779 18.704 5.56828 13.3659 6.51185 10.7469C4.94241 11.1444 3.12991 12.2829 2.44154 13.7489C2.20543 14.2523 1.89553 15.496 1.97713 17.0569C2.01272 17.7347 0.973659 16.7201 0.74102 16.3235C-0.360542 14.4464 -0.134848 11.8376 0.754909 9.92032C2.2089 6.78927 7.14033 4.43179 6.31741 0.685303C6.11515 -0.236147 6.38078 -0.0241623 6.62036 0.163889C10.136 2.92653 11.0622 4.60788 11.6073 6.86706C12.0822 8.83475 11.4389 10.8324 10.6672 12.6368H10.6664Z\" fill=\"#73B1E0\"><\/path>\n<\/svg>\n<\/div><\/div><\/div>\n\n\n\n<p class=\"has-contrast-1-color has-text-color has-link-color wp-elements-ae905fc56f113fe5f281cf6cbf47de08\">Spontaniczny relaks.<\/p>\n<\/div>\n\n\n\n<div class=\"wp-block-group is-nowrap is-layout-flex wp-container-core-group-is-layout-f66f9956 wp-block-group-is-layout-flex\"><div style=\"--ub-icon-rotation:rotate(0deg);--ub-icon-size:20px;--ub-icon-justification:center;--ub-icon-border-top:  undefined;--ub-icon-border-right:  undefined;--ub-icon-border-bottom:  undefined;--ub-icon-border-left:  undefined\" class=\"wp-block-ub-icon\" id=\"ub-icon-\"><div class=\"ub_icon\"><div class=\"ub_icon_wrapper\"><svg width=\"16\" height=\"19\" viewbox=\"0 0 16 19\" fill=\"none\" xmlns=\"http:\/\/www.w3.org\/2000\/svg\">\n<path d=\"M10.6664 12.6368C12.3851 12.2684 13.7749 10.7289 14.0292 9.15102C14.2063 8.0552 14.3886 8.41078 14.6377 8.86809C15.6395 10.7016 16.4632 12.9813 15.6994 15.0362C14.7263 17.6561 11.4589 19.1682 8.74189 18.9844C4.59779 18.704 5.56828 13.3659 6.51185 10.7469C4.94241 11.1444 3.12991 12.2829 2.44154 13.7489C2.20543 14.2523 1.89553 15.496 1.97713 17.0569C2.01272 17.7347 0.973659 16.7201 0.74102 16.3235C-0.360542 14.4464 -0.134848 11.8376 0.754909 9.92032C2.2089 6.78927 7.14033 4.43179 6.31741 0.685303C6.11515 -0.236147 6.38078 -0.0241623 6.62036 0.163889C10.136 2.92653 11.0622 4.60788 11.6073 6.86706C12.0822 8.83475 11.4389 10.8324 10.6672 12.6368H10.6664Z\" fill=\"#73B1E0\"><\/path>\n<\/svg>\n<\/div><\/div><\/div>\n\n\n\n<p class=\"has-contrast-1-color has-text-color has-link-color wp-elements-18e63534989ee192027c7f3ebe05ca00\">Wspierasz kapitalny projekt w Twojej okolicy. <\/p>\n<\/div>\n<\/div>\n<\/div>\n<\/div>\n<\/div>\n\n\n\n<div style=\"height:80px\" aria-hidden=\"true\" class=\"wp-block-spacer\"><\/div>\n\n\n\n<div class=\"blur-border\"><\/div>\n\n\n\n<div class=\"wp-block-group alignfull has-base-2-background-color has-background has-global-padding is-layout-constrained wp-container-core-group-is-layout-d89aad35 wp-block-group-is-layout-constrained\" style=\"margin-top:0;margin-bottom:0;padding-top:var(--wp--preset--spacing--50);padding-right:var(--wp--preset--spacing--50);padding-bottom:var(--wp--preset--spacing--50);padding-left:var(--wp--preset--spacing--50)\">\n<div class=\"wp-block-group alignwide is-layout-flow wp-block-group-is-layout-flow\">\n<h6 class=\"wp-block-heading is-style-default has-apercu-mono-pro-font-family\" style=\"margin-top:var(--wp--preset--spacing--20);margin-bottom:var(--wp--preset--spacing--20);font-size:clamp(14px, 0.875rem + ((1vw - 3.2px) * 0.208), 16px);font-style:normal;font-weight:500;letter-spacing:1px\">POZNAJ ZASADY<\/h6>\n\n\n\n<div class=\"wp-block-columns alignwide are-vertically-aligned-center is-layout-flex wp-container-core-columns-is-layout-d1c656ed wp-block-columns-is-layout-flex\">\n<div class=\"wp-block-column is-vertically-aligned-center is-layout-flow wp-block-column-is-layout-flow\" style=\"flex-basis:50%\">\n<h1 class=\"wp-block-heading alignwide has-contrast-color has-text-color has-link-color has-apercu-mono-pro-font-family wp-elements-f85b42d404e29107da84706c1a893600\" style=\"font-size:clamp(30.693px, 1.918rem + ((1vw - 3.2px) * 2.428), 54px);font-style:normal;font-weight:400\">Jak to dzia\u0142a?<\/h1>\n<\/div>\n\n\n\n<div class=\"wp-block-column is-vertically-aligned-center is-layout-flow wp-block-column-is-layout-flow\" style=\"flex-basis:50%\">\n<p class=\"has-contrast-1-color has-text-color has-link-color wp-elements-96d2250c2ace66e46abb7afd74b18f88\">Kupuj\u0105c karnet otrzymujesz na maila indywidualny kod, do wykorzystania podczas rezerwacji.<\/p>\n\n\n\n<p class=\"has-contrast-1-color has-text-color has-link-color wp-elements-551ea013ec62e4cb4b47f23f08b29a80\">Rezerwacja: w okienku kalendarza wybierz godzin\u0119 sesji, podaj swoje dane i wybierz opcj\u0119 &#8222;mam karnet&#8221;. Nast\u0119pnie wklej sw\u00f3j kod. <\/p>\n<\/div>\n<\/div>\n\n\n\n<hr class=\"wp-block-separator has-text-color has-custom-white-color has-alpha-channel-opacity has-custom-white-background-color has-background is-style-wide\" style=\"margin-top:var(--wp--preset--spacing--30);margin-bottom:var(--wp--preset--spacing--30)\"\/>\n\n\n\n<div class=\"wp-block-columns alignwide are-vertically-aligned-center is-layout-flex wp-container-core-columns-is-layout-d1c656ed wp-block-columns-is-layout-flex\">\n<div class=\"wp-block-column is-vertically-aligned-center is-layout-flow wp-block-column-is-layout-flow\" style=\"flex-basis:50%\">\n<h1 class=\"wp-block-heading alignwide has-contrast-color has-text-color has-link-color has-apercu-mono-pro-font-family wp-elements-8e20a7ffb826c5631580dd26c1d96c6b\" style=\"font-size:clamp(30.693px, 1.918rem + ((1vw - 3.2px) * 2.428), 54px);font-style:normal;font-weight:400\">Na jak d\u0142ugo?<\/h1>\n<\/div>\n\n\n\n<div class=\"wp-block-column is-vertically-aligned-center is-layout-flow wp-block-column-is-layout-flow\" style=\"flex-basis:50%\">\n<p class=\"has-contrast-1-color has-text-color has-link-color wp-elements-66380bf7939dbbdc4cecb8137dc547de\">Karnet 5-wej\u015b\u0107 wa\u017cny jest przez 60 dni<\/p>\n\n\n\n<p>Karnet open wa\u017cny jest przez 30 dni. <\/p>\n<\/div>\n<\/div>\n\n\n\n<hr class=\"wp-block-separator has-text-color has-custom-white-color has-alpha-channel-opacity has-custom-white-background-color has-background is-style-wide\" style=\"margin-top:var(--wp--preset--spacing--30);margin-bottom:var(--wp--preset--spacing--30)\"\/>\n\n\n\n<div class=\"wp-block-columns alignwide are-vertically-aligned-center is-layout-flex wp-container-core-columns-is-layout-d1c656ed wp-block-columns-is-layout-flex\">\n<div class=\"wp-block-column is-vertically-aligned-center is-layout-flow wp-block-column-is-layout-flow\" style=\"flex-basis:50%\">\n<h1 class=\"wp-block-heading alignwide has-contrast-color has-text-color has-link-color has-apercu-mono-pro-font-family wp-elements-96dfced8dac025f0226ec2bf643f9c65\" style=\"font-size:clamp(30.693px, 1.918rem + ((1vw - 3.2px) * 2.428), 54px);font-style:normal;font-weight:400\">Zwroty akcji<\/h1>\n<\/div>\n\n\n\n<div class=\"wp-block-column is-vertically-aligned-center is-layout-flow wp-block-column-is-layout-flow\" style=\"flex-basis:50%\">\n<p class=\"has-contrast-1-color has-text-color has-link-color wp-elements-32578a69d0ddc5f9db653fe6027b0160\">Karnet jest imienny i nie mo\u017cna go przekaza\u0107 innej osobie.<\/p>\n<\/div>\n<\/div>\n<\/div>\n<\/div>\n\n\n\n<div class=\"blur-border-inverted\"><\/div>\n\n\n\n<div style=\"height:80px\" aria-hidden=\"true\" class=\"wp-block-spacer\"><\/div>\n\n\n\n<div class=\"wp-block-group alignfull has-global-padding is-layout-constrained wp-container-core-group-is-layout-cb151cc7 wp-block-group-is-layout-constrained\" id=\"members\" style=\"margin-top:0;margin-bottom:0;padding-top:0;padding-right:var(--wp--preset--spacing--50);padding-bottom:0;padding-left:var(--wp--preset--spacing--50)\">\n<div class=\"wp-block-group alignwide has-global-padding is-layout-constrained wp-container-core-group-is-layout-19e250f3 wp-block-group-is-layout-constrained\">\n<div class=\"wp-block-columns alignwide is-layout-flex wp-container-core-columns-is-layout-d1c656ed wp-block-columns-is-layout-flex\">\n<div class=\"wp-block-column is-vertically-aligned-center is-layout-flow wp-container-core-column-is-layout-8a368f38 wp-block-column-is-layout-flow\" style=\"flex-basis:40%\">\n<h6 class=\"wp-block-heading is-style-default has-apercu-mono-pro-font-family\" style=\"margin-top:var(--wp--preset--spacing--20);margin-bottom:var(--wp--preset--spacing--20);font-size:clamp(14px, 0.875rem + ((1vw - 3.2px) * 0.208), 16px);font-style:normal;font-weight:500;letter-spacing:1px\"><br>CHCESZ WIEDZIE\u0106 WI\u0118CEJ?<\/h6>\n\n\n\n<h3 class=\"wp-block-heading is-style-default has-apercu-mono-pro-font-family\" style=\"margin-top:var(--wp--preset--spacing--20);margin-bottom:var(--wp--preset--spacing--20);font-style:normal;font-weight:400\">Napisz do nas! <img decoding=\"async\" width=\"100%\" style=\"letter-spacing: 0px;\" src=\"\/wp-content\/uploads\/2024\/12\/underscore-wave-yellow.svg\"><\/h3>\n\n\n\n<p class=\"is-style-default has-contrast-2-color has-text-color has-link-color has-apercu-pro-font-family wp-elements-01fc9de426c8b6a48294ea56cd08d0e2\" style=\"margin-top:var(--wp--preset--spacing--10);margin-bottom:var(--wp--preset--spacing--10);font-size:clamp(14px, 0.875rem + ((1vw - 3.2px) * 0.625), 20px);font-style:normal;font-weight:400\">kontakt@saunapara.pl<\/p>\n<\/div>\n\n\n\n<div class=\"wp-block-column is-layout-flow wp-block-column-is-layout-flow\" style=\"flex-basis:50%\">\n<figure class=\"wp-block-image size-large is-style-rounded is-style-rounded--2\"><img decoding=\"async\" width=\"1024\" height=\"683\" src=\"https:\/\/saunapara.pl\/wp-content\/uploads\/2025\/03\/DSC07471-1024x683.jpg\" alt=\"\" class=\"wp-image-1629\" style=\"aspect-ratio:1;object-fit:cover\" srcset=\"https:\/\/saunapara.pl\/wp-content\/uploads\/2025\/03\/DSC07471-1024x683.jpg 1024w, https:\/\/saunapara.pl\/wp-content\/uploads\/2025\/03\/DSC07471-300x200.jpg 300w, https:\/\/saunapara.pl\/wp-content\/uploads\/2025\/03\/DSC07471-768x512.jpg 768w, https:\/\/saunapara.pl\/wp-content\/uploads\/2025\/03\/DSC07471-1536x1024.jpg 1536w\" sizes=\"(max-width: 1024px) 100vw, 1024px\" \/><\/figure>\n<\/div>\n<\/div>\n<\/div>\n<\/div>\n\n\n\n<div style=\"height:80px\" aria-hidden=\"true\" class=\"wp-block-spacer\"><\/div>\n<\/div>\n\n\n\n<p><\/p>","protected":false},"excerpt":{"rendered":"<p>Oferta specjalna dla sta\u0142ych bywalc\u00f3w CO ZYSKUJ\u0104 KARNETOWICZE? Wi\u0119cej sauny w ni\u017cszej cenie. Spontaniczny relaks. Wspierasz kapitalny projekt w Twojej okolicy. POZNAJ ZASADY Jak to dzia\u0142a? Kupuj\u0105c karnet otrzymujesz na maila indywidualny kod, do wykorzystania podczas rezerwacji. Rezerwacja: w okienku kalendarza wybierz godzin\u0119 sesji, podaj swoje dane i wybierz opcj\u0119 &#8222;mam karnet&#8221;. Nast\u0119pnie wklej sw\u00f3j [&hellip;]<\/p>","protected":false},"author":1,"featured_media":0,"parent":0,"menu_order":0,"comment_status":"closed","ping_status":"closed","template":"page-no-title","meta":{"ub_ctt_via":"","footnotes":""},"class_list":["post-175","page","type-page","status-publish","hentry"],"featured_image_src":null,"_links":{"self":[{"href":"https:\/\/saunapara.pl\/en\/wp-json\/wp\/v2\/pages\/175","targetHints":{"allow":["GET"]}}],"collection":[{"href":"https:\/\/saunapara.pl\/en\/wp-json\/wp\/v2\/pages"}],"about":[{"href":"https:\/\/saunapara.pl\/en\/wp-json\/wp\/v2\/types\/page"}],"author":[{"embeddable":true,"href":"https:\/\/saunapara.pl\/en\/wp-json\/wp\/v2\/users\/1"}],"replies":[{"embeddable":true,"href":"https:\/\/saunapara.pl\/en\/wp-json\/wp\/v2\/comments?post=175"}],"version-history":[{"count":176,"href":"https:\/\/saunapara.pl\/en\/wp-json\/wp\/v2\/pages\/175\/revisions"}],"predecessor-version":[{"id":1789,"href":"https:\/\/saunapara.pl\/en\/wp-json\/wp\/v2\/pages\/175\/revisions\/1789"}],"wp:attachment":[{"href":"https:\/\/saunapara.pl\/en\/wp-json\/wp\/v2\/media?parent=175"}],"curies":[{"name":"wp","href":"https:\/\/api.w.org\/{rel}","templated":true}]}}